{"id":1006,"date":"2013-07-16T10:53:48","date_gmt":"2013-07-16T08:53:48","guid":{"rendered":"http:\/\/www.rodjes-macrales.be\/rodjes\/?page_id=1006"},"modified":"2023-01-20T09:37:47","modified_gmt":"2023-01-20T08:37:47","slug":"lhistorique","status":"publish","type":"page","link":"https:\/\/www.rodjes-macrales.be\/rodjes\/lhistorique\/","title":{"rendered":"L&rsquo;Historique"},"content":{"rendered":"<div class=\"grid_5 \"><h3><img decoding=\"async\" loading=\"lazy\" class=\"alignnone size-full wp-image-745\" style=\"font-size: 16px;\" title=\"Rodjes-Macrales\" src=\"http:\/\/www.rodjes-macrales.be\/rodjes\/wp-content\/uploads\/pages\/rodjes-macrales-boncelles-sorciere.jpg\" alt=\"Rodjes-Macrales\" width=\"351\" height=\"270\" \/><\/h3>\n<h3><img decoding=\"async\" loading=\"lazy\" class=\"alignnone size-full wp-image-745\" style=\"font-size: 16px;\" title=\"Rodjes-Macrales\" src=\"http:\/\/www.rodjes-macrales.be\/rodjes\/wp-content\/uploads\/pages\/feu.jpg\" alt=\"Rodjes-Macrales\" width=\"351\" height=\"491\" \/><\/h3><\/div>\n<div class=\"grid_7 \"><h3>L&rsquo;Historique<\/h3>\n<p>Cr\u00e9e en l&rsquo;an 2000 de notre \u00e8re, le groupe folklorique \u00ab\u00a0Les Rodjes Macr\u00e2les d&rsquo;\u00e0s Bonc\u00e8les\u00a0\u00bb est n\u00e9 suite \u00e0 la dissolution de l&rsquo;association de parents d&rsquo;\u00e9l\u00e8ves de l&rsquo;\u00e9cole communale primaire de Boncelles.<br \/>\nSoucieux de maintenir un contact, au sein d&rsquo;un groupe actif, dans lequel, les enfants peuvent se r\u00e9unir et avoir des projets communs.<\/p>\n<p>Nous sommes actuellement une cinquantaine de \u00ab Macr\u00e2les \u00bb ag\u00e9es de 5 \u00e0 plusieurs fois 10 ans !<br \/>\nDepuis lors , le groupe participe \u00e0 diverses manifestations folkloriques, carnavalesques et commerciales.<br \/>\nNous organisons annuellement, le cort\u00e8ge des \u00ab Morts Vivants \u00bb, le \u00ab Grand Feu \u00bb et diverses manifestations dans l\u2019entit\u00e9 s\u00e9resienne.<\/p>\n<p>Nous avons particip\u00e9 \u00e0 diff\u00e9rents cort\u00e8ges carnavalesques internationaux tel que VIAREGGIO (IT), NICE (Fr), VILLE \u2013FRANCHE sur Mer (Fr) ,RIJEKA ( Croatie) , VENISE (IT ), STRASBOURG(FR) , BERG AAN DE MAAS(NL) , DUISBURG ( D), DOUAI (Fr), REISCHOFFEN (Fr), SAN SEBASTIAN (E), PTUJ ( SLO), PRAGUE ( CS)<\/p>\n<p>\u2026.Et en Belgique bien s\u00fbr, aux F\u00eates de Wallonie de Li\u00e8ge, Namur, Seraing, aux rassemblements des Sorci\u00e8res \u00e0 Vielsalm, \u00e0 Beselare, Carnaval de Malmedy, de Nivelles ,d\u2019Ath ,de Waremme, d\u2019Amay, de Fl\u00e9malle, de Wasmuel aux f\u00eates de Gedinne, Comines , du 15 Ao\u00fbt en \u00ab Outre \u2013Meuse \u00bb \u00e0 Li\u00e8ge, Halloween parade \u00e0 Blankenberge, La Nuit des Sorci\u00e8res \u00a0au ch\u00e2teau de \u00a0Jehay.<br \/>\nAnimations dans des complexes commerciaux de la ville de Li\u00e8ge et dans diverses manifestations sportives tel que le \u00ab TOUR DE France \u00bb en 2012 \u00e0 Li\u00e8ge, le \u00ab GIRO \u00bb \u00e0 Seraing en 2006, \u00e0 WALIBI, au Th\u00e9atre des Marionnettes de Mabotte , au \u00ab diner presque parfait \u00bb (RTL) , une semaine pour faire la f\u00eate (TF1).<\/p>\n<p>Nous sommes membre de la F\u00e9d\u00e9ration des Groupes Folkloriques Wallons. <a href=\"http:\/\/www.fgfw.be\" target=\"_blank\" rel=\"noopener\">www.fgfw.be<\/a><\/p>\n<p><a href=\"http:\/\/www.fgfw.be\" target=\"_blank\" rel=\"noopener\"><img decoding=\"async\" src=\"http:\/\/www.rodjes-macrales.be\/rodjes\/wp-content\/uploads\/pages\/logo-federation.png\" \/><\/a><\/p>\n<ul class=\"recent-posts posts-list\"><\/ul><!-- .recent-posts (end) --><\/div>\n<div class=\"clear\"><\/div>\n","protected":false},"excerpt":{"rendered":"","protected":false},"author":1,"featured_media":0,"parent":0,"menu_order":0,"comment_status":"open","ping_status":"open","template":"page-fullwidth.php","meta":[],"_links":{"self":[{"href":"https:\/\/www.rodjes-macrales.be\/rodjes\/wp-json\/wp\/v2\/pages\/1006"}],"collection":[{"href":"https:\/\/www.rodjes-macrales.be\/rodjes\/wp-json\/wp\/v2\/pages"}],"about":[{"href":"https:\/\/www.rodjes-macrales.be\/rodjes\/wp-json\/wp\/v2\/types\/page"}],"author":[{"embeddable":true,"href":"https:\/\/www.rodjes-macrales.be\/rodjes\/wp-json\/wp\/v2\/users\/1"}],"replies":[{"embeddable":true,"href":"https:\/\/www.rodjes-macrales.be\/rodjes\/wp-json\/wp\/v2\/comments?post=1006"}],"version-history":[{"count":12,"href":"https:\/\/www.rodjes-macrales.be\/rodjes\/wp-json\/wp\/v2\/pages\/1006\/revisions"}],"predecessor-version":[{"id":2558,"href":"https:\/\/www.rodjes-macrales.be\/rodjes\/wp-json\/wp\/v2\/pages\/1006\/revisions\/2558"}],"wp:attachment":[{"href":"https:\/\/www.rodjes-macrales.be\/rodjes\/wp-json\/wp\/v2\/media?parent=1006"}],"curies":[{"name":"wp","href":"https:\/\/api.w.org\/{rel}","templated":true}]}}