{"id":1137,"date":"2013-08-20T16:01:23","date_gmt":"2013-08-20T14:01:23","guid":{"rendered":"http:\/\/www.rodjes-macrales.be\/rodjes\/?page_id=1137"},"modified":"2023-01-20T09:44:22","modified_gmt":"2023-01-20T08:44:22","slug":"larodjemacrale","status":"publish","type":"page","link":"https:\/\/www.rodjes-macrales.be\/rodjes\/larodjemacrale\/","title":{"rendered":"larodjemacrale"},"content":{"rendered":"<div class=\"grid_5 \"><h3><img decoding=\"async\" loading=\"lazy\" class=\"alignnone size-full wp-image-745\" style=\"font-size: 16px;\" title=\"Rodjes-Macrales\" alt=\"Rodjes-Macrales\" src=\"http:\/\/www.rodjes-macrales.be\/rodjes\/wp-content\/uploads\/pages\/statue-serge-gangolf-macrale05.jpg\" width=\"351\" height=\"244\" \/><\/h3>\n<h3><img decoding=\"async\" loading=\"lazy\" class=\"alignnone size-full wp-image-745\" style=\"font-size: 16px;\" title=\"Rodjes-Macrales\" alt=\"Rodjes-Macrales\" src=\"http:\/\/www.rodjes-macrales.be\/rodjes\/wp-content\/uploads\/pages\/statue-serge-gangolf-macrale06.jpg\" width=\"351\" height=\"244\" \/><\/h3>\n<h3><img decoding=\"async\" loading=\"lazy\" class=\"alignnone size-full wp-image-745\" style=\"font-size: 16px;\" title=\"Rodjes-Macrales\" alt=\"Rodjes-Macrales\" src=\"http:\/\/www.rodjes-macrales.be\/rodjes\/wp-content\/uploads\/pages\/statue-serge-gangolf-macrale.jpg\" width=\"351\" height=\"491\" \/><\/h3><\/div>\n<div class=\"grid_7 \"><h3>La Rodje Macrale<\/h3>\n<p>La statue \u00ab\u00a0La Rodje Macr\u00e2le\u00a0\u00bb a \u00e9t\u00e9 r\u00e9alis\u00e9e par le sculpteur Serge Gangolf et inaugur\u00e9e le 20 septembre 2012, place de l&rsquo;Eglise \u00e0 Boncelles (Seraing). <\/p>\n<p>N\u00e9 le 3 d\u00e9cembre 1943, Serge Gangolf est un Sculpteur Belge.<br \/>\nD\u00e8s 1964, il participe \u00e0 de nombreuses expositions de groupe en Belgique et \u00e0 l\u2019\u00e9tranger. Depuis 1965, il organise une trentaine d\u2019expositions personnelles en Belgique et \u00e0 l\u2019\u00e9tranger.<\/p>\n<p> Parmi les nombreux prix, retenons : le Prix Louis Schmidt en 1969, la Bourse Koopal en 1972, le Prix de Rome en 1974 ; en 1985, le Prix Egide Rombaux et, \u00e0 Resistencia, en Argentine, le Grand Premio de Honor en 1997.<\/p>\n<p> Depuis 1993, avec son \u00e9quipe, \u00e0 Qu\u00e9bec, il remporte une douzaine de prix au Concours international de Sculpture sur Neige. (Prix des Artistes, Prix de la Ville de Qu\u00e9bec, Prix du Qu\u00e9bec, Prix Sp\u00e9cial du Jury, Prix du Carnaval\u2026).<\/p>\n<p>Il a \u00e9t\u00e9 invit\u00e9 \u00e0 de nombreux concours et symposiums de sculpture en Argentine (Resistencia et Rosario), au Liban (Rachana), au Paraguay (Asunci\u00f3n), au Mexique (Culiacan &#8211; Zacatecas et 2 fois \u00e0 Guadalajara &#8211; Colima).<br \/>\n Dans ces diff\u00e9rentes villes, il a r\u00e9alis\u00e9 des sculptures monumentales en b\u00e9ton, pierre, marbre et acier.<\/p>\n<p> Fin 1999, il est invit\u00e9 hors concours, au concours national de sculpture sur marbre \u00e0 Buenos-Aires.<\/p>\n<p> En 2004, il est invit\u00e9 comme membre du jury de la \u00ab Bienal del Chaco \u00bb \u00e0 Resistencia, en Argentine.<\/p>\n<p> Octobre 2007, membre du jury de la Premi\u00e8re Biennale de Sculpture \u00e0 Le\u00f3n, au Mexique, et sculpteur invit\u00e9 d&rsquo;honneur pour r\u00e9aliser une sculpture monumentale en acier.<\/p>\n<p> Il r\u00e9alise des sculptures et fontaines monumentales pour des lieux publics et des entreprises priv\u00e9es.<\/p><\/div>\n<div class=\"clear\"><\/div>\n<div class=\"grid_6 \"><h3><img decoding=\"async\" loading=\"lazy\" class=\"alignnone size-full wp-image-745\" style=\"font-size: 16px;\" title=\"Rodjes-Macrales\" alt=\"Rodjes-Macrales\" src=\"http:\/\/www.rodjes-macrales.be\/rodjes\/wp-content\/uploads\/pages\/statue-serge-gangolf-macrale04.jpg\" width=\"455\" height=\"700\" \/><\/h3><\/div>\n<div class=\"grid_6 \"><h3><img decoding=\"async\" loading=\"lazy\" class=\"alignnone size-full wp-image-745\" style=\"font-size: 16px;\" title=\"Rodjes-Macrales\" alt=\"Rodjes-Macrales\" src=\"https:\/\/www.rodjes-macrales.be\/rodjes\/wp-content\/uploads\/2023\/01\/boncelles.jpg\" width=\"455\" height=\"700\" \/><\/h3><\/div>\n<div class=\"clear\"><\/div>\n","protected":false},"excerpt":{"rendered":"","protected":false},"author":1,"featured_media":0,"parent":0,"menu_order":0,"comment_status":"open","ping_status":"open","template":"page-fullwidth.php","meta":[],"_links":{"self":[{"href":"https:\/\/www.rodjes-macrales.be\/rodjes\/wp-json\/wp\/v2\/pages\/1137"}],"collection":[{"href":"https:\/\/www.rodjes-macrales.be\/rodjes\/wp-json\/wp\/v2\/pages"}],"about":[{"href":"https:\/\/www.rodjes-macrales.be\/rodjes\/wp-json\/wp\/v2\/types\/page"}],"author":[{"embeddable":true,"href":"https:\/\/www.rodjes-macrales.be\/rodjes\/wp-json\/wp\/v2\/users\/1"}],"replies":[{"embeddable":true,"href":"https:\/\/www.rodjes-macrales.be\/rodjes\/wp-json\/wp\/v2\/comments?post=1137"}],"version-history":[{"count":21,"href":"https:\/\/www.rodjes-macrales.be\/rodjes\/wp-json\/wp\/v2\/pages\/1137\/revisions"}],"predecessor-version":[{"id":2562,"href":"https:\/\/www.rodjes-macrales.be\/rodjes\/wp-json\/wp\/v2\/pages\/1137\/revisions\/2562"}],"wp:attachment":[{"href":"https:\/\/www.rodjes-macrales.be\/rodjes\/wp-json\/wp\/v2\/media?parent=1137"}],"curies":[{"name":"wp","href":"https:\/\/api.w.org\/{rel}","templated":true}]}}