{"id":1161,"date":"2013-08-21T11:29:43","date_gmt":"2013-08-21T09:29:43","guid":{"rendered":"http:\/\/www.rodjes-macrales.be\/rodjes\/?page_id=1161"},"modified":"2023-01-25T14:35:00","modified_gmt":"2023-01-25T13:35:00","slug":"festivites","status":"publish","type":"page","link":"https:\/\/www.rodjes-macrales.be\/rodjes\/festivites\/","title":{"rendered":"Festivit\u00e9s"},"content":{"rendered":"<div class=\"grid_5 \"><h3><img decoding=\"async\" loading=\"lazy\" class=\"alignnone size-full wp-image-745\" style=\"font-size: 16px;\" title=\"Rodjes-Macrales\" src=\"https:\/\/www.rodjes-macrales.be\/rodjes\/wp-content\/uploads\/2023\/01\/le-sabbat-bourreau.jpg\" alt=\"Rodjes-Macrales\" width=\"351\" height=\"244\" \/><\/h3>\n<h3><img decoding=\"async\" loading=\"lazy\" class=\"alignnone size-full wp-image-745\" style=\"font-size: 16px;\" title=\"Rodjes-Macrales\" src=\"http:\/\/www.rodjes-macrales.be\/rodjes\/wp-content\/uploads\/2013\/08\/feu.jpg\" alt=\"Rodjes-Macrales\" width=\"351\" height=\"244\" \/><\/h3>\n<h3><img decoding=\"async\" loading=\"lazy\" class=\"alignnone size-full wp-image-745\" style=\"font-size: 16px;\" title=\"Rodjes-Macrales\" src=\"http:\/\/www.rodjes-macrales.be\/rodjes\/wp-content\/uploads\/2013\/08\/cortege_sorciere.jpg\" alt=\"Rodjes-Macrales\" width=\"351\" height=\"244\" \/><\/h3>\n<h3><img decoding=\"async\" loading=\"lazy\" class=\"alignnone size-full wp-image-745\" style=\"font-size: 16px;\" title=\"Rodjes-Macrales\" src=\"http:\/\/www.rodjes-macrales.be\/rodjes\/wp-content\/uploads\/2013\/08\/squelette1.jpg\" alt=\"Rodjes-Macrales\" width=\"351\" height=\"471\" \/><\/h3><\/div>\n<div class=\"grid_7 \"><h3>Les Festivit\u00e9s<\/h3>\n<h2>\u00ab LE SABBAT \u00bb<\/h2>\n<h3><img decoding=\"async\" loading=\"lazy\" class=\"alignnone size-full wp-image-745\" title=\"Rodjes-Macrales\" src=\"https:\/\/www.rodjes-macrales.be\/rodjes\/wp-content\/uploads\/2023\/01\/le-sabbat.jpg\" alt=\"Rodjes-Macrales\" width=\"535\" height=\"198\" \/><\/h3>\n<p>\u00ab Les Rodjes Macr\u00e2les d\u2019\u00e0s Bonc\u00e8les \u00bb se livrent chaque ann\u00e9e au sacrifice par cr\u00e9mation de l\u2019hiver ici incarn\u00e9 par\u00a0Hivernatus pour ainsi c\u00e9l\u00e9brer le renouveau&#8230; le printemps.<\/p>\n<p>&nbsp;<\/p>\n<h2>LE CORT\u00c8GE DE \u00ab MORTS VIVANTS \u00bb<\/h2>\n<h3><img decoding=\"async\" class=\"alignnone size-full wp-image-745\" style=\"font-size: 16px;\" title=\"Rodjes-Macrales\" src=\"http:\/\/www.rodjes-macrales.be\/rodjes\/wp-content\/uploads\/pages\/banner-cortege-morts-vivants.jpg\" alt=\"Rodjes-Macrales\" width=\"100%\" \/><\/h3>\n<p>En octobre, cette c\u00e9l\u00e9bration d\u2019origine celtique, a pour but d\u2019honorer la m\u00e9moire des \u00e2mes des d\u00e9funts, en d\u00e9filant en famille dans les rues de notre village\u2026\u2026BONCELLES !<\/p>\n<ul class=\"recent-posts posts-list\"><\/ul><!-- .recent-posts (end) --><\/div>\n<div class=\"clear\"><\/div>\n","protected":false},"excerpt":{"rendered":"","protected":false},"author":1,"featured_media":0,"parent":0,"menu_order":0,"comment_status":"open","ping_status":"open","template":"page-fullwidth.php","meta":[],"_links":{"self":[{"href":"https:\/\/www.rodjes-macrales.be\/rodjes\/wp-json\/wp\/v2\/pages\/1161"}],"collection":[{"href":"https:\/\/www.rodjes-macrales.be\/rodjes\/wp-json\/wp\/v2\/pages"}],"about":[{"href":"https:\/\/www.rodjes-macrales.be\/rodjes\/wp-json\/wp\/v2\/types\/page"}],"author":[{"embeddable":true,"href":"https:\/\/www.rodjes-macrales.be\/rodjes\/wp-json\/wp\/v2\/users\/1"}],"replies":[{"embeddable":true,"href":"https:\/\/www.rodjes-macrales.be\/rodjes\/wp-json\/wp\/v2\/comments?post=1161"}],"version-history":[{"count":34,"href":"https:\/\/www.rodjes-macrales.be\/rodjes\/wp-json\/wp\/v2\/pages\/1161\/revisions"}],"predecessor-version":[{"id":2579,"href":"https:\/\/www.rodjes-macrales.be\/rodjes\/wp-json\/wp\/v2\/pages\/1161\/revisions\/2579"}],"wp:attachment":[{"href":"https:\/\/www.rodjes-macrales.be\/rodjes\/wp-json\/wp\/v2\/media?parent=1161"}],"curies":[{"name":"wp","href":"https:\/\/api.w.org\/{rel}","templated":true}]}}