{"id":988,"date":"2013-07-15T17:54:52","date_gmt":"2013-07-15T15:54:52","guid":{"rendered":"http:\/\/www.rodjes-macrales.be\/rodjes\/?page_id=988"},"modified":"2013-08-20T17:39:24","modified_gmt":"2013-08-20T15:39:24","slug":"legende","status":"publish","type":"page","link":"https:\/\/www.rodjes-macrales.be\/rodjes\/legende\/","title":{"rendered":"La L\u00e9gende"},"content":{"rendered":"<div class=\"grid_5 \"><h3><img decoding=\"async\" loading=\"lazy\" class=\"alignnone size-full wp-image-745\" style=\"font-size: 16px;\" title=\"Rodjes-Macrales\" alt=\"Rodjes-Macrales\" src=\"http:\/\/www.rodjes-macrales.be\/rodjes\/wp-content\/uploads\/pages\/rodjes-macrales-boncelles-legende.jpg\" width=\"351\" height=\"491\" \/><\/h3>\n<h3><img decoding=\"async\" loading=\"lazy\" class=\"alignnone size-full wp-image-745\" style=\"font-size: 16px;\" title=\"Rodjes-Macrales\" alt=\"Rodjes-Macrales\" src=\"http:\/\/www.rodjes-macrales.be\/rodjes\/wp-content\/uploads\/pages\/rodjes-macrales-boncelles-histoire.jpg\" width=\"351\" height=\"491\" \/><\/h3><\/div>\n<div class=\"grid_7 \"><h3>La L\u00e9gende<\/h3>\n<p>A la fin du Moyen-Age, l&rsquo;Europe est le th\u00e9\u00e2tre de diverses chasses aux sorci\u00e8res.<br \/>\nLa Principaut\u00e9 de Li\u00e8ge a aussi ses b\u00fbchers et la Haute Meuse n&rsquo;en est pas moins \u00e9pargn\u00e9e..<\/p>\n<p>Elles  furent  pourchass\u00e9es,    pers\u00e9cut\u00e9es,<br \/>\nbr\u00fbl\u00e9es,  sans  loi  ni raison,  sous pr\u00e9texte<br \/>\nqu&rsquo;elles communiquaient avec les esprits.<\/p>\n<p>Qui \u00e9taient \u2013 elles ces \u00ab Macr\u00e2les \u00bb?..<br \/>\nLa descendance du forgeron du diable!<\/p>\n<p>Au fil des ann\u00e9es, la forge l\u00e9gendaire donnera naissance \u00e0 la Cit\u00e9 du fer dans laquelle les macr\u00e2les vont se confondre de plus en plus, pour devenir rouge comme le feu et noir comme le charbon et l&rsquo;acier.<\/p>\n<p>Elles poss\u00e8dent le pouvoir et l&rsquo;immortalit\u00e9 gr\u00e2ce \u00e0 l&rsquo;\u00e9p\u00e9e fa\u00e7onn\u00e9e par leur a\u00efeul, dans un acier aussi dur que nul ne conna\u00eet son alliage !<br \/>\nElles se r\u00e9fugient sur les hauteurs bois\u00e9es de Seraing, o\u00f9, m\u00eame si les gens du coin pr\u00e9f\u00e8rent ne pas l&rsquo;\u00e9bruiter, il peut \u00eatre malsain de se promener le soir.<br \/>\nVous \u00eates-vous d\u00e9j\u00e0 aventur\u00e9s, la nuit tomb\u00e9e, entre la source Saint-Antoine et la mare aux joncs ?<br \/>\nCet endroit aux odeurs naus\u00e9abondes: vivier \u00e0 crapauds,limaces, salamandres et mulots&#8230;enfin tous les ingr\u00e9dients n\u00e9cessaires pour pr\u00e9parer les breuvages, poisons et potions d\u00e9lirantes et hallucinog\u00e8nes.<\/p>\n<p>Au loin, on peut entendre une musique endiabl\u00e9e sur laquelle \u00ab les macr\u00e2les \u00bb, balais et flambeaux \u00e0 la main, forment une ronde infernale, festoyant jusqu&rsquo;au petit matin en invoquant le malin.<\/p>\n<p>Ce n&rsquo;est pas triste para\u00eet-il ! Mais si vous arrivez \u00e0 les surprendre, il est d\u00e9j\u00e0 trop tard car un sort vous est d\u00e9j\u00e0 jet\u00e9 !<br \/>\nPetit \u00e0 petit, les accusations de sorcellerie deviennent plus rares. Une existence paisible s&rsquo;installe et la vie de nos anc\u00eatres devient plus sereine.<\/p>\n<p>En 2000 de notre \u00e8re, quand le temps semble oublier le pass\u00e9, \u00e0 la  lumi\u00e8re des grands feux, elles resurgissent des profondeurs de la terre et de la nuit.<\/p>\n<p>Depuis , elles se multiplient sans cesse,\u00e0 une vitesse effrayante.<br \/>\nSur leurs m\u00e9daillons,on peut deviner leur nom:<\/p>\n<h2>\u00ab Les Rodjes Macr\u00e2les d&rsquo;\u00e0s Bonc\u00e8les \u00bb<\/h2>\n<p>Si vous en croisez une! N&rsquo;ayez pas crainte car la l\u00e9gende nous rapporte aussi qu&rsquo;elles pourraient vous procurer amour, chance et bonheur&#8230;&#8230;.<br \/>\nNe dit-on pas, \u00ab touche une macr\u00e2le rouge, et l&rsquo;amour sera en toi pour toujours! \u00bb<\/p>\n<p>Mais qui sait&#8230;..?<br \/>\n\u00ab L&rsquo;ENFER \u00bb serait-il devenu \u00ab CRISTAL \u00bb?<\/p>\n<ul class=\"recent-posts posts-list\"><\/ul><!-- .recent-posts (end) --><\/div>\n<div class=\"clear\"><\/div>\n","protected":false},"excerpt":{"rendered":"","protected":false},"author":1,"featured_media":0,"parent":0,"menu_order":0,"comment_status":"open","ping_status":"open","template":"page-fullwidth.php","meta":[],"_links":{"self":[{"href":"https:\/\/www.rodjes-macrales.be\/rodjes\/wp-json\/wp\/v2\/pages\/988"}],"collection":[{"href":"https:\/\/www.rodjes-macrales.be\/rodjes\/wp-json\/wp\/v2\/pages"}],"about":[{"href":"https:\/\/www.rodjes-macrales.be\/rodjes\/wp-json\/wp\/v2\/types\/page"}],"author":[{"embeddable":true,"href":"https:\/\/www.rodjes-macrales.be\/rodjes\/wp-json\/wp\/v2\/users\/1"}],"replies":[{"embeddable":true,"href":"https:\/\/www.rodjes-macrales.be\/rodjes\/wp-json\/wp\/v2\/comments?post=988"}],"version-history":[{"count":17,"href":"https:\/\/www.rodjes-macrales.be\/rodjes\/wp-json\/wp\/v2\/pages\/988\/revisions"}],"predecessor-version":[{"id":1501,"href":"https:\/\/www.rodjes-macrales.be\/rodjes\/wp-json\/wp\/v2\/pages\/988\/revisions\/1501"}],"wp:attachment":[{"href":"https:\/\/www.rodjes-macrales.be\/rodjes\/wp-json\/wp\/v2\/media?parent=988"}],"curies":[{"name":"wp","href":"https:\/\/api.w.org\/{rel}","templated":true}]}}